{"id":1562,"date":"2022-03-29T21:17:42","date_gmt":"2022-03-29T21:17:42","guid":{"rendered":"https:\/\/duobelcorde.com\/?page_id=1562"},"modified":"2022-04-11T18:52:00","modified_gmt":"2022-04-11T18:52:00","slug":"adrian-fernandez","status":"publish","type":"page","link":"https:\/\/duobelcorde.com\/index.php\/adrian-fernandez\/","title":{"rendered":"Adri\u00e1n Fern\u00e1ndez"},"content":{"rendered":"\t\t<div data-elementor-type=\"wp-page\" data-elementor-id=\"1562\" class=\"elementor elementor-1562\">\n\t\t\t\t\t\t\t\t\t<section class=\"ob-is-breaking-bad elementor-section elementor-top-section elementor-element elementor-element-7585ecf elementor-section-boxed elementor-section-height-default elementor-section-height-default\" data-id=\"7585ecf\" data-element_type=\"section\" data-settings=\"{&quot;_ob_bbad_use_it&quot;:&quot;yes&quot;,&quot;_ob_bbad_sssic_use&quot;:&quot;no&quot;,&quot;_ob_glider_is_slider&quot;:&quot;no&quot;}\">\n\t\t\t\t\t\t\t<div class=\"elementor-background-overlay\"><\/div>\n\t\t\t\t\t\t\t<div class=\"elementor-container elementor-column-gap-default\">\n\t\t\t\t\t<div class=\"elementor-column elementor-col-100 elementor-top-column elementor-element elementor-element-f2f0ffc\" data-id=\"f2f0ffc\" data-element_type=\"column\" data-settings=\"{&quot;_ob_bbad_is_stalker&quot;:&quot;no&quot;,&quot;_ob_teleporter_use&quot;:false,&quot;_ob_column_hoveranimator&quot;:&quot;no&quot;,&quot;_ob_column_has_pseudo&quot;:&quot;no&quot;}\">\n\t\t\t<div class=\"elementor-widget-wrap elementor-element-populated\">\n\t\t\t\t\t\t\t\t<div class=\"elementor-element elementor-element-7e88b19 ob-harakiri-inherit ob-has-background-overlay elementor-widget elementor-widget-heading\" data-id=\"7e88b19\" data-element_type=\"widget\" data-settings=\"{&quot;_ob_harakiri_writing_mode&quot;:&quot;inherit&quot;,&quot;_ob_perspektive_use&quot;:&quot;no&quot;,&quot;_ob_poopart_use&quot;:&quot;yes&quot;,&quot;_ob_shadough_use&quot;:&quot;no&quot;,&quot;_ob_allow_hoveranimator&quot;:&quot;no&quot;,&quot;_ob_widget_stalker_use&quot;:&quot;no&quot;}\" data-widget_type=\"heading.default\">\n\t\t\t\t<div class=\"elementor-widget-container\">\n\t\t\t<style>\/*! elementor - v3.6.1 - 23-03-2022 *\/\n.elementor-heading-title{padding:0;margin:0;line-height:1}.elementor-widget-heading .elementor-heading-title[class*=elementor-size-]>a{color:inherit;font-size:inherit;line-height:inherit}.elementor-widget-heading .elementor-heading-title.elementor-size-small{font-size:15px}.elementor-widget-heading .elementor-heading-title.elementor-size-medium{font-size:19px}.elementor-widget-heading .elementor-heading-title.elementor-size-large{font-size:29px}.elementor-widget-heading .elementor-heading-title.elementor-size-xl{font-size:39px}.elementor-widget-heading .elementor-heading-title.elementor-size-xxl{font-size:59px}<\/style><h2 class=\"elementor-heading-title elementor-size-default\">Adri\u00e1n Fern\u00e1ndez<\/h2>\t\t<\/div>\n\t\t\t\t<\/div>\n\t\t\t\t\t<\/div>\n\t\t<\/div>\n\t\t\t\t\t\t\t<\/div>\n\t\t<\/section>\n\t\t\t\t<section class=\"ob-is-breaking-bad elementor-section elementor-top-section elementor-element elementor-element-a37e9dd elementor-section-boxed elementor-section-height-default elementor-section-height-default\" data-id=\"a37e9dd\" data-element_type=\"section\" data-settings=\"{&quot;background_background&quot;:&quot;classic&quot;,&quot;_ob_bbad_use_it&quot;:&quot;yes&quot;,&quot;_ob_bbad_sssic_use&quot;:&quot;no&quot;,&quot;_ob_glider_is_slider&quot;:&quot;no&quot;}\">\n\t\t\t\t\t\t<div class=\"elementor-container elementor-column-gap-default\">\n\t\t\t\t\t<div class=\"elementor-column elementor-col-16 elementor-top-column elementor-element elementor-element-ad4e3b5\" data-id=\"ad4e3b5\" data-element_type=\"column\" data-settings=\"{&quot;_ob_bbad_is_stalker&quot;:&quot;no&quot;,&quot;_ob_teleporter_use&quot;:false,&quot;_ob_column_hoveranimator&quot;:&quot;no&quot;,&quot;_ob_column_has_pseudo&quot;:&quot;no&quot;}\">\n\t\t\t<div class=\"elementor-widget-wrap\">\n\t\t\t\t\t\t\t\t\t<\/div>\n\t\t<\/div>\n\t\t\t\t<div class=\"elementor-column elementor-col-66 elementor-top-column elementor-element elementor-element-fcdfca8\" data-id=\"fcdfca8\" data-element_type=\"column\" data-settings=\"{&quot;_ob_bbad_is_stalker&quot;:&quot;no&quot;,&quot;_ob_teleporter_use&quot;:false,&quot;_ob_column_hoveranimator&quot;:&quot;no&quot;,&quot;_ob_column_has_pseudo&quot;:&quot;no&quot;}\">\n\t\t\t<div class=\"elementor-widget-wrap elementor-element-populated\">\n\t\t\t\t\t\t\t\t<div class=\"elementor-element elementor-element-c72ca7c ob-harakiri-inherit ob-has-background-overlay elementor-widget elementor-widget-text-editor\" data-id=\"c72ca7c\" data-element_type=\"widget\" data-settings=\"{&quot;_ob_harakiri_writing_mode&quot;:&quot;inherit&quot;,&quot;_ob_perspektive_use&quot;:&quot;no&quot;,&quot;_ob_poopart_use&quot;:&quot;yes&quot;,&quot;_ob_shadough_use&quot;:&quot;no&quot;,&quot;_ob_allow_hoveranimator&quot;:&quot;no&quot;,&quot;_ob_widget_stalker_use&quot;:&quot;no&quot;}\" data-widget_type=\"text-editor.default\">\n\t\t\t\t<div class=\"elementor-widget-container\">\n\t\t\t<style>\/*! elementor - v3.6.1 - 23-03-2022 *\/\n.elementor-widget-text-editor.elementor-drop-cap-view-stacked .elementor-drop-cap{background-color:#818a91;color:#fff}.elementor-widget-text-editor.elementor-drop-cap-view-framed .elementor-drop-cap{color:#818a91;border:3px solid;background-color:transparent}.elementor-widget-text-editor:not(.elementor-drop-cap-view-default) .elementor-drop-cap{margin-top:8px}.elementor-widget-text-editor:not(.elementor-drop-cap-view-default) .elementor-drop-cap-letter{width:1em;height:1em}.elementor-widget-text-editor .elementor-drop-cap{float:left;text-align:center;line-height:1;font-size:50px}.elementor-widget-text-editor .elementor-drop-cap-letter{display:inline-block}<\/style>\t\t\t\t<p><img decoding=\"async\" class=\"aligncenter wp-image-1784 size-full\" src=\"https:\/\/duobelcorde.com\/wp-content\/uploads\/2022\/04\/AdrianPerfil2.png\" alt=\"\" width=\"549\" height=\"600\" srcset=\"https:\/\/duobelcorde.com\/wp-content\/uploads\/2022\/04\/AdrianPerfil2.png 549w, https:\/\/duobelcorde.com\/wp-content\/uploads\/2022\/04\/AdrianPerfil2-275x300.png 275w\" sizes=\"(max-width: 549px) 100vw, 549px\" \/>Natural de Puertollano (Ciudad Real), inicia sus estudios de guitarra en el Conservatorio Profesional de M\u00fasica \u201cPablo Soroz\u00e1bal\u201d de Puertollano bajo la direcci\u00f3n de Jose Mar\u00eda Fern\u00e1ndez Villa, para posteriormente licenciarse en el Conservatorio Superior de M\u00fasica \u201cRafael Orozco\u201d de C\u00f3rdoba bajo la tutela de los Catedr\u00e1ticos Javier Riba y Rafael Moreno. <br \/>Asiste a cursos de perfeccionamiento instrumental con algunos de los guitarristas m\u00e1s grandes en la actualidad como David Russell, Carles Trepat, Ricardo Gall\u00e9n, Zoran Dukic y un largo etc\u00e9tera. Formaci\u00f3n complementada obteniendo el M\u00e1ster en Investigaci\u00f3n e Innovaci\u00f3n musical por la Universidad de Castilla la Mancha.<\/p><p>Compagina la labor docente con el concierto, habiendo no s\u00f3lo realizado conciertos por pr\u00e1cticamente toda la geograf\u00eda espa\u00f1ola, sino traspasando fronteras y completando Giras de conciertos en los cinco continentes: Jap\u00f3n, Marruecos, Turqu\u00eda, B\u00e9lgica, Australia, Nueva Zelanda, Estados Unidos, etc.<\/p><p>Premiado en concursos nacionales e internacionales, destacan el Primer premio en el Concurso Internacional de guitarra \u201cConcello de Gondomar\u201d y el Primer premio obtenido en el Concurso Internacional de guitarra \u201c Valle de Alcudia-Sierra Madrona\u201d.<\/p><p>En la actualidad es profesor de guitarra en la Escuela de M\u00fasica Municipal \u201cGuillermo Calero\u201d de Manzanares (C.Real ) y preside la asociaci\u00f3n \u201cArpegionne\u201d, asociaci\u00f3n que tiene como objetivos principales el fomentar el desarrollo de la m\u00fasica con guitarra en todos sus aspectos y manifestaciones: composici\u00f3n, interpretaci\u00f3n, investigaci\u00f3n y ense\u00f1anza. Igualmente se encuentra inmerso en nuevos proyectos discogr\u00e1ficos que se unir\u00e1n a los ya realizados: 12 temas de cine (2011), La m\u00fasica del alma (2012), Voces sobre la guitarra (2013) y Decantando Versos (2014).<\/p>\t\t\t\t\t\t<\/div>\n\t\t\t\t<\/div>\n\t\t\t\t\t<\/div>\n\t\t<\/div>\n\t\t\t\t<div class=\"elementor-column elementor-col-16 elementor-top-column elementor-element elementor-element-9b4764e\" data-id=\"9b4764e\" data-element_type=\"column\" data-settings=\"{&quot;_ob_bbad_is_stalker&quot;:&quot;no&quot;,&quot;_ob_teleporter_use&quot;:false,&quot;_ob_column_hoveranimator&quot;:&quot;no&quot;,&quot;_ob_column_has_pseudo&quot;:&quot;no&quot;}\">\n\t\t\t<div class=\"elementor-widget-wrap\">\n\t\t\t\t\t\t\t\t\t<\/div>\n\t\t<\/div>\n\t\t\t\t\t\t\t<\/div>\n\t\t<\/section>\n\t\t\t\t\t\t\t<\/div>\n\t\t","protected":false},"excerpt":{"rendered":"<p>Adri\u00e1n Fern\u00e1ndez Natural de Puertollano (Ciudad Real), inicia sus estudios de guitarra en el Conservatorio Profesional de M\u00fasica \u201cPablo Soroz\u00e1bal\u201d de Puertollano bajo la direcci\u00f3n de Jose Mar\u00eda Fern\u00e1ndez Villa, para posteriormente licenciarse en el Conservatorio Superior de M\u00fasica \u201cRafael Orozco\u201d de C\u00f3rdoba bajo la tutela de los Catedr\u00e1ticos Javier Riba y Rafael Moreno. Asiste [&hellip;]<\/p>\n","protected":false},"author":1,"featured_media":0,"parent":0,"menu_order":0,"comment_status":"closed","ping_status":"closed","template":"","meta":{"footnotes":""},"class_list":["post-1562","page","type-page","status-publish","hentry"],"yoast_head":"<!-- This site is optimized with the Yoast SEO plugin v18.5.1 - https:\/\/yoast.com\/wordpress\/plugins\/seo\/ -->\n<title>Adri\u00e1n Fern\u00e1ndez - D\u00fao Belcorde<\/title>\n<meta name=\"robots\" content=\"index, follow, max-snippet:-1, max-image-preview:large, max-video-preview:-1\" \/>\n<link rel=\"canonical\" href=\"https:\/\/duobelcorde.com\/index.php\/adrian-fernandez\/\" \/>\n<meta property=\"og:locale\" content=\"es_ES\" \/>\n<meta property=\"og:type\" content=\"article\" \/>\n<meta property=\"og:title\" content=\"Adri\u00e1n Fern\u00e1ndez - D\u00fao Belcorde\" \/>\n<meta property=\"og:description\" content=\"Adri\u00e1n Fern\u00e1ndez Natural de Puertollano (Ciudad Real), inicia sus estudios de guitarra en el Conservatorio Profesional de M\u00fasica \u201cPablo Soroz\u00e1bal\u201d de Puertollano bajo la direcci\u00f3n de Jose Mar\u00eda Fern\u00e1ndez Villa, para posteriormente licenciarse en el Conservatorio Superior de M\u00fasica \u201cRafael Orozco\u201d de C\u00f3rdoba bajo la tutela de los Catedr\u00e1ticos Javier Riba y Rafael Moreno. Asiste [&hellip;]\" \/>\n<meta property=\"og:url\" content=\"https:\/\/duobelcorde.com\/index.php\/adrian-fernandez\/\" \/>\n<meta property=\"og:site_name\" content=\"D\u00fao Belcorde\" \/>\n<meta property=\"article:publisher\" content=\"https:\/\/www.facebook.com\/Belcorde\/\" \/>\n<meta property=\"article:modified_time\" content=\"2022-04-11T18:52:00+00:00\" \/>\n<meta property=\"og:image\" content=\"https:\/\/duobelcorde.com\/wp-content\/uploads\/2022\/04\/AdrianPerfil2.png\" \/>\n<meta name=\"twitter:card\" content=\"summary_large_image\" \/>\n<meta name=\"twitter:label1\" content=\"Tiempo de lectura\" \/>\n\t<meta name=\"twitter:data1\" content=\"2 minutos\" \/>\n<script type=\"application\/ld+json\" class=\"yoast-schema-graph\">{\"@context\":\"https:\/\/schema.org\",\"@graph\":[{\"@type\":\"Organization\",\"@id\":\"https:\/\/duobelcorde.com\/#organization\",\"name\":\"D\u00fao Belcorde\",\"url\":\"https:\/\/duobelcorde.com\/\",\"sameAs\":[\"https:\/\/www.facebook.com\/Belcorde\/\"],\"logo\":{\"@type\":\"ImageObject\",\"@id\":\"https:\/\/duobelcorde.com\/#logo\",\"inLanguage\":\"es\",\"url\":\"https:\/\/duobelcorde.com\/wp-content\/uploads\/2022\/04\/LogoRRSS.png\",\"contentUrl\":\"https:\/\/duobelcorde.com\/wp-content\/uploads\/2022\/04\/LogoRRSS.png\",\"width\":1024,\"height\":1024,\"caption\":\"D\u00fao Belcorde\"},\"image\":{\"@id\":\"https:\/\/duobelcorde.com\/#logo\"}},{\"@type\":\"WebSite\",\"@id\":\"https:\/\/duobelcorde.com\/#website\",\"url\":\"https:\/\/duobelcorde.com\/\",\"name\":\"D\u00fao Belcorde\",\"description\":\"Viol\u00edn y Guitarra\",\"publisher\":{\"@id\":\"https:\/\/duobelcorde.com\/#organization\"},\"potentialAction\":[{\"@type\":\"SearchAction\",\"target\":{\"@type\":\"EntryPoint\",\"urlTemplate\":\"https:\/\/duobelcorde.com\/?s={search_term_string}\"},\"query-input\":\"required name=search_term_string\"}],\"inLanguage\":\"es\"},{\"@type\":\"ImageObject\",\"@id\":\"https:\/\/duobelcorde.com\/index.php\/adrian-fernandez\/#primaryimage\",\"inLanguage\":\"es\",\"url\":\"https:\/\/duobelcorde.com\/wp-content\/uploads\/2022\/04\/AdrianPerfil2.png\",\"contentUrl\":\"https:\/\/duobelcorde.com\/wp-content\/uploads\/2022\/04\/AdrianPerfil2.png\",\"width\":549,\"height\":600},{\"@type\":\"WebPage\",\"@id\":\"https:\/\/duobelcorde.com\/index.php\/adrian-fernandez\/#webpage\",\"url\":\"https:\/\/duobelcorde.com\/index.php\/adrian-fernandez\/\",\"name\":\"Adri\u00e1n Fern\u00e1ndez - D\u00fao Belcorde\",\"isPartOf\":{\"@id\":\"https:\/\/duobelcorde.com\/#website\"},\"primaryImageOfPage\":{\"@id\":\"https:\/\/duobelcorde.com\/index.php\/adrian-fernandez\/#primaryimage\"},\"datePublished\":\"2022-03-29T21:17:42+00:00\",\"dateModified\":\"2022-04-11T18:52:00+00:00\",\"breadcrumb\":{\"@id\":\"https:\/\/duobelcorde.com\/index.php\/adrian-fernandez\/#breadcrumb\"},\"inLanguage\":\"es\",\"potentialAction\":[{\"@type\":\"ReadAction\",\"target\":[\"https:\/\/duobelcorde.com\/index.php\/adrian-fernandez\/\"]}]},{\"@type\":\"BreadcrumbList\",\"@id\":\"https:\/\/duobelcorde.com\/index.php\/adrian-fernandez\/#breadcrumb\",\"itemListElement\":[{\"@type\":\"ListItem\",\"position\":1,\"name\":\"Portada\",\"item\":\"https:\/\/duobelcorde.com\/\"},{\"@type\":\"ListItem\",\"position\":2,\"name\":\"Adri\u00e1n Fern\u00e1ndez\"}]}]}<\/script>\n<!-- \/ Yoast SEO plugin. -->","yoast_head_json":{"title":"Adri\u00e1n Fern\u00e1ndez - D\u00fao Belcorde","robots":{"index":"index","follow":"follow","max-snippet":"max-snippet:-1","max-image-preview":"max-image-preview:large","max-video-preview":"max-video-preview:-1"},"canonical":"https:\/\/duobelcorde.com\/index.php\/adrian-fernandez\/","og_locale":"es_ES","og_type":"article","og_title":"Adri\u00e1n Fern\u00e1ndez - D\u00fao Belcorde","og_description":"Adri\u00e1n Fern\u00e1ndez Natural de Puertollano (Ciudad Real), inicia sus estudios de guitarra en el Conservatorio Profesional de M\u00fasica \u201cPablo Soroz\u00e1bal\u201d de Puertollano bajo la direcci\u00f3n de Jose Mar\u00eda Fern\u00e1ndez Villa, para posteriormente licenciarse en el Conservatorio Superior de M\u00fasica \u201cRafael Orozco\u201d de C\u00f3rdoba bajo la tutela de los Catedr\u00e1ticos Javier Riba y Rafael Moreno. Asiste [&hellip;]","og_url":"https:\/\/duobelcorde.com\/index.php\/adrian-fernandez\/","og_site_name":"D\u00fao Belcorde","article_publisher":"https:\/\/www.facebook.com\/Belcorde\/","article_modified_time":"2022-04-11T18:52:00+00:00","og_image":[{"url":"https:\/\/duobelcorde.com\/wp-content\/uploads\/2022\/04\/AdrianPerfil2.png"}],"twitter_card":"summary_large_image","twitter_misc":{"Tiempo de lectura":"2 minutos"},"schema":{"@context":"https:\/\/schema.org","@graph":[{"@type":"Organization","@id":"https:\/\/duobelcorde.com\/#organization","name":"D\u00fao Belcorde","url":"https:\/\/duobelcorde.com\/","sameAs":["https:\/\/www.facebook.com\/Belcorde\/"],"logo":{"@type":"ImageObject","@id":"https:\/\/duobelcorde.com\/#logo","inLanguage":"es","url":"https:\/\/duobelcorde.com\/wp-content\/uploads\/2022\/04\/LogoRRSS.png","contentUrl":"https:\/\/duobelcorde.com\/wp-content\/uploads\/2022\/04\/LogoRRSS.png","width":1024,"height":1024,"caption":"D\u00fao Belcorde"},"image":{"@id":"https:\/\/duobelcorde.com\/#logo"}},{"@type":"WebSite","@id":"https:\/\/duobelcorde.com\/#website","url":"https:\/\/duobelcorde.com\/","name":"D\u00fao Belcorde","description":"Viol\u00edn y Guitarra","publisher":{"@id":"https:\/\/duobelcorde.com\/#organization"},"potentialAction":[{"@type":"SearchAction","target":{"@type":"EntryPoint","urlTemplate":"https:\/\/duobelcorde.com\/?s={search_term_string}"},"query-input":"required name=search_term_string"}],"inLanguage":"es"},{"@type":"ImageObject","@id":"https:\/\/duobelcorde.com\/index.php\/adrian-fernandez\/#primaryimage","inLanguage":"es","url":"https:\/\/duobelcorde.com\/wp-content\/uploads\/2022\/04\/AdrianPerfil2.png","contentUrl":"https:\/\/duobelcorde.com\/wp-content\/uploads\/2022\/04\/AdrianPerfil2.png","width":549,"height":600},{"@type":"WebPage","@id":"https:\/\/duobelcorde.com\/index.php\/adrian-fernandez\/#webpage","url":"https:\/\/duobelcorde.com\/index.php\/adrian-fernandez\/","name":"Adri\u00e1n Fern\u00e1ndez - D\u00fao Belcorde","isPartOf":{"@id":"https:\/\/duobelcorde.com\/#website"},"primaryImageOfPage":{"@id":"https:\/\/duobelcorde.com\/index.php\/adrian-fernandez\/#primaryimage"},"datePublished":"2022-03-29T21:17:42+00:00","dateModified":"2022-04-11T18:52:00+00:00","breadcrumb":{"@id":"https:\/\/duobelcorde.com\/index.php\/adrian-fernandez\/#breadcrumb"},"inLanguage":"es","potentialAction":[{"@type":"ReadAction","target":["https:\/\/duobelcorde.com\/index.php\/adrian-fernandez\/"]}]},{"@type":"BreadcrumbList","@id":"https:\/\/duobelcorde.com\/index.php\/adrian-fernandez\/#breadcrumb","itemListElement":[{"@type":"ListItem","position":1,"name":"Portada","item":"https:\/\/duobelcorde.com\/"},{"@type":"ListItem","position":2,"name":"Adri\u00e1n Fern\u00e1ndez"}]}]}},"_links":{"self":[{"href":"https:\/\/duobelcorde.com\/index.php\/wp-json\/wp\/v2\/pages\/1562","targetHints":{"allow":["GET"]}}],"collection":[{"href":"https:\/\/duobelcorde.com\/index.php\/wp-json\/wp\/v2\/pages"}],"about":[{"href":"https:\/\/duobelcorde.com\/index.php\/wp-json\/wp\/v2\/types\/page"}],"author":[{"embeddable":true,"href":"https:\/\/duobelcorde.com\/index.php\/wp-json\/wp\/v2\/users\/1"}],"replies":[{"embeddable":true,"href":"https:\/\/duobelcorde.com\/index.php\/wp-json\/wp\/v2\/comments?post=1562"}],"version-history":[{"count":28,"href":"https:\/\/duobelcorde.com\/index.php\/wp-json\/wp\/v2\/pages\/1562\/revisions"}],"predecessor-version":[{"id":2220,"href":"https:\/\/duobelcorde.com\/index.php\/wp-json\/wp\/v2\/pages\/1562\/revisions\/2220"}],"wp:attachment":[{"href":"https:\/\/duobelcorde.com\/index.php\/wp-json\/wp\/v2\/media?parent=1562"}],"curies":[{"name":"wp","href":"https:\/\/api.w.org\/{rel}","templated":true}]}}